{"id":202318944,"date":"2024-01-21T18:28:13","date_gmt":"2024-01-21T17:28:13","guid":{"rendered":"http:\/\/2024.digital-female-leader.de\/press\/"},"modified":"2024-01-23T21:28:18","modified_gmt":"2024-01-23T20:28:18","slug":"press","status":"publish","type":"page","link":"https:\/\/digital-female-leader.de\/en\/press\/","title":{"rendered":"Press"},"content":{"rendered":"<div class=\"wpb-content-wrapper\"><p>[vc_row gap=&#8221;5&#8243; css=&#8221;.vc_custom_1706041315502{margin-bottom: 40px !important;}&#8221;][vc_column width=&#8221;1\/2&#8243; offset=&#8221;vc_col-lg-3 vc_col-md-6&#8243;]<div class=\" vc_custom_1706041280643 ubtn-ctn-center dflx-btn\"><a class=\"ubtn-link ult-adjust-bottom-margin ubtn-center ubtn-normal dflx-btn\" href=\"https:\/\/digital-female-leader.de\/wp-content\/uploads\/2024\/01\/GDW_Pressemitteilung_DFLX24.pdf\" title=\"Download Pressemitteilung\" target=\"_blank\" rel=\"noopener\" ><button type=\"button\" id=\"ubtn-4847\"  class=\"ubtn ult-adjust-bottom-margin ult-responsive ubtn-normal ubtn-no-hover-bg  none  ubtn-center   tooltip-69ff30a4d7b7e\"  data-hover=\"#873ee0\" data-border-color=\"\" data-bg=\"#ffffff\" data-hover-bg=\"#ffff00\" data-border-hover=\"\" data-shadow-hover=\"\" data-shadow-click=\"none\" data-shadow=\"\" data-shd-shadow=\"\"  data-ultimate-target='#ubtn-4847'  data-responsive-json-new='{\"font-size\":\"desktop:15px;tablet:15px;tablet_portrait:15px;mobile_landscape:15px;mobile:14px;\",\"line-height\":\"\"}'  style=\"font-weight:bold;border-radius:80px;border-width:0px;border-color:;border-style:solid;background: #ffffff;color: #873ee0;\"><span class=\"ubtn-hover\" style=\"background-color:#ffff00\"><\/span><span class=\"ubtn-data ubtn-text \" >Download Press release<\/span><\/button><\/a><\/div>[\/vc_column][vc_column width=&#8221;1\/2&#8243; offset=&#8221;vc_col-lg-3 vc_col-md-6&#8243;]<div class=\" vc_custom_1706041290849 ubtn-ctn-center dflx-btn\"><a class=\"ubtn-link ult-adjust-bottom-margin ubtn-center ubtn-normal dflx-btn\" href=\"https:\/\/digital-female-leader.de\/wp-content\/uploads\/2024\/Presse-Fotos.zip\" title=\"Download Pressefotos\" target=\"_blank\" rel=\"noopener\" ><button type=\"button\" id=\"ubtn-7848\"  class=\"ubtn ult-adjust-bottom-margin ult-responsive ubtn-normal ubtn-no-hover-bg  none  ubtn-center   tooltip-69ff30a4d7cda\"  data-hover=\"#873ee0\" data-border-color=\"\" data-bg=\"#ffffff\" data-hover-bg=\"#ffff00\" data-border-hover=\"\" data-shadow-hover=\"\" data-shadow-click=\"none\" data-shadow=\"\" data-shd-shadow=\"\"  data-ultimate-target='#ubtn-7848'  data-responsive-json-new='{\"font-size\":\"desktop:15px;tablet:15px;tablet_portrait:15px;mobile_landscape:15px;mobile:14px;\",\"line-height\":\"\"}'  style=\"font-weight:bold;border-radius:80px;border-width:0px;border-color:;border-style:solid;background: #ffffff;color: #873ee0;\"><span class=\"ubtn-hover\" style=\"background-color:#ffff00\"><\/span><span class=\"ubtn-data ubtn-text \" >Download Press photos<\/span><\/button><\/a><\/div>[vc_column_text]<\/p>\n<p style=\"text-align: center;font-size: .8em;\"><em>Photocredit \u00a9 Andrea Heinsohn<\/em><\/p>\n<p>[\/vc_column_text][\/vc_column][vc_column width=&#8221;1\/2&#8243; offset=&#8221;vc_col-lg-3&#8243;]<div class=\" vc_custom_1706041298756 ubtn-ctn-center dflx-btn\"><a class=\"ubtn-link ult-adjust-bottom-margin ubtn-center ubtn-normal dflx-btn\" href=\"mailto:dflx-24@global-digital-women.com?subject=DFLX24 | Presseanfrage\" title=\"Presseanfragen\" target=\"_blank\" rel=\"noopener\" ><button type=\"button\" id=\"ubtn-5329\"  class=\"ubtn ult-adjust-bottom-margin ult-responsive ubtn-normal ubtn-no-hover-bg  none  ubtn-center   tooltip-69ff30a4d7d4c\"  data-hover=\"#873ee0\" data-border-color=\"\" data-bg=\"#ffffff\" data-hover-bg=\"#ffff00\" data-border-hover=\"\" data-shadow-hover=\"\" data-shadow-click=\"none\" data-shadow=\"\" data-shd-shadow=\"\"  data-ultimate-target='#ubtn-5329'  data-responsive-json-new='{\"font-size\":\"desktop:15px;tablet:15px;tablet_portrait:15px;mobile_landscape:15px;mobile:14px;\",\"line-height\":\"\"}'  style=\"font-weight:bold;border-radius:80px;border-width:0px;border-color:;border-style:solid;background: #ffffff;color: #873ee0;\"><span class=\"ubtn-hover\" style=\"background-color:#ffff00\"><\/span><span class=\"ubtn-data ubtn-text \" >Contact for press inquiries<\/span><\/button><\/a><\/div>[\/vc_column][vc_column width=&#8221;1\/2&#8243; offset=&#8221;vc_col-lg-3 vc_col-md-6&#8243;]<div class=\" vc_custom_1706041660434 ubtn-ctn-center dflx-btn akredit\"><a class=\"ubtn-link ult-adjust-bottom-margin ubtn-center ubtn-normal dflx-btn akredit\" href=\"https:\/\/gdw1.typeform.com\/Akkreditierung\" title=\"Presseanfragen\" target=\"_blank\" rel=\"noopener\" ><button type=\"button\" id=\"ubtn-3498\"  class=\"ubtn ult-adjust-bottom-margin ult-responsive ubtn-normal ubtn-no-hover-bg  none  ubtn-center   tooltip-69ff30a4d7dbb\"  data-hover=\"#873ee0\" data-border-color=\"\" data-bg=\"#ffffff\" data-hover-bg=\"#ffff00\" data-border-hover=\"\" data-shadow-hover=\"\" data-shadow-click=\"none\" data-shadow=\"\" data-shd-shadow=\"\"  data-ultimate-target='#ubtn-3498'  data-responsive-json-new='{\"font-size\":\"desktop:15px;tablet:15px;tablet_portrait:15px;mobile_landscape:15px;mobile:14px;\",\"line-height\":\"\"}'  style=\"font-weight:bold;border-radius:80px;border-width:0px;border-color:;border-style:solid;background: #ffffff;color: #873ee0;\"><span class=\"ubtn-hover\" style=\"background-color:#ffff00\"><\/span><span class=\"ubtn-data ubtn-text \" >Presse-Akkreditierung<\/span><\/button><\/a><\/div>[\/vc_column][\/vc_row][vc_row css=&#8221;.vc_custom_1706030235542{margin-top: 30px !important;margin-bottom: 40px !important;}&#8221;][vc_column][vc_column_text]<\/p>\n<h3>Digital Female Leader Award 2023 in the press<\/h3>\n<p>[\/vc_column_text][\/vc_column][\/vc_row][vc_row][vc_column][vc_column_text el_class=&#8221;presse&#8221;]Oktober 2023 | dm Alverde Magazin<\/p>\n<h5><a href=\"https:\/\/www.dm.de\/unternehmen\/alverde-magazin\/interview-1387904\" target=\"_blank\" rel=\"noopener\">Coverstory<\/a><\/h5>\n<p>Oktober 2023 | sheconomy<\/p>\n<h5><a href=\"https:\/\/sheconomy.shop\/products\/copy-of-e-paper-sheconomy-ausgabe-2-2023?variant=46687454036308\" target=\"_blank\" rel=\"noopener\">Coverstory: \u201cFrauen m\u00fcssen nicht gef\u00f6rdert, sondern bef\u00f6rdert werden.\u201d\u00a0<\/a><\/h5>\n<p>20. April 2023 | Leadersnet.de<\/p>\n<h5><a href=\"https:\/\/www.leadersnet.de\/news\/66686,karlsruhe-wird-zur-buehne-eines-besonderen.html\" target=\"_blank\" rel=\"noopener\">Karlsruhe wird zur B\u00fchne eines besonderen Female-Empowerment-Events<\/a><\/h5>\n<p>20. April 2023 | Mit-Blog<\/p>\n<h5><a href=\"http:\/\/mit-blog.de\/karlsruhe-wird-zur-hauptstadt-des-female-empowerment\/\" target=\"_blank\" rel=\"noopener\">KARLSRUHE WIRD ZUR HAUPTSTADT DES FEMALE EMPOWERMENT!<\/a><\/h5>\n<p>18. April 2023 | baden-tv<\/p>\n<h5><a href=\"https:\/\/www.baden-tv.com\/mediathek\/video\/be-bold-be-brave-be-you-karlsruhe-als-hauptstadt-fuer-female-empowerment\/\" target=\"_blank\" rel=\"noopener\">&#8220;be bold, be brave, be you&#8221; &#8211; Karlsruhe als Hauptstadt f\u00fcr Female Empowerment<\/a><\/h5>\n<p>25. September 2023 | Brigitte<\/p>\n<h5><a href=\"https:\/\/www.brigitte.de\/aktuell\/gesellschaft\/digital-female-leader-award-2023--die-zukunft-ist-digital-und-weiblich-13594288.html\" target=\"_blank\" rel=\"noopener\">Ein Event, das Frauen im digitalen Zeitalter ins Rampenlicht r\u00fcckt<\/a><\/h5>\n<p>18. April 2023 | life PR<\/p>\n<h5><a href=\"https:\/\/www.lifepr.de\/inaktiv\/karlsruher-messe-und-kongress-gmbh-kmk\/karlsruhe-wird-zur-hauptstadt-des-female-empowerment\/boxid\/942647\" target=\"_blank\" rel=\"noopener\">Karlsruhe wird zur Hauptstadt des Female Empowerment!<\/a><\/h5>\n<p>24. September 2023 | mein KA<\/p>\n<h5><a href=\"https:\/\/meinka.de\/tijen-onaran-interview-karlsruhe\/\" target=\"_blank\" rel=\"noopener\">Tijen Onaran im Interview: \u201eKarlsruhe ist f\u00fcr mich der Mittelpunkt der Welt\u201c<\/a><\/h5>\n<p>22. September 2023 | Deutscher Presseindex<\/p>\n<h5><a href=\"https:\/\/www.deutscherpresseindex.de\/2023\/09\/22\/digital-female-leader-award-zum-zweiten-mal-im-karlsruher-kongresszentrum\/\" target=\"_blank\" rel=\"noopener\">DIGITAL FEMALE LEADER AWARD: ZUM ZWEITEN MAL IM KARLSRUHER KONGRESSZENTRUM<\/a><\/h5>\n<p>21. Juni 2023 | Sonntagsblatt<\/p>\n<h5><a href=\"https:\/\/www.sonntagsblatt.de\/dfla-finalistinnen\" target=\"_blank\" rel=\"noopener\">Ausstellungsmacherinnen f\u00fcr &#8220;Digital Female Leader Award&#8221; nominiert<\/a><\/h5>\n<p>September 2023 | Fujitsu<\/p>\n<h5><a href=\"https:\/\/blog.de.fujitsu.com\/karriere\/eine-grosse-buehne-fuer-female-empowerment-der-dfla-2023-in-karlsruhe\/\" target=\"_blank\" rel=\"noopener\">\u201eBe Bold, Be Brave, Be You!\u201c \u2013 Das Motto des DFLA 2023<\/a><\/h5>\n<p>19. Mai 2023 | karlsruhe.digital<\/p>\n<h5><a href=\"https:\/\/karlsruhe.digital\/2023\/05\/dfla-2023-jetzt-bewerben\/\" target=\"_blank\" rel=\"noopener\">DIGITAL FEMALE LEADER AWARD &#8211; Jetzt bewerben!<\/a><\/h5>\n<p>April 2023 | IHK Karlsruhe<\/p>\n<h5><a href=\"https:\/\/www.ihk.de\/karlsruhe\/fachthemen\/fachkraefte\/vereinbarkeit-familie-beruf\/neuigkeiten-vereinbarkeit\/karlsruhe-wird-zur-hauptstadt-des-female-empowerment--5787984\" target=\"_blank\" rel=\"noopener\">Karlsruhe wird zur Hauptstadt des Female Empowerment!<\/a><\/h5>\n<p>01. Oktober 2023 | Main Post<\/p>\n<h5><a href=\"https:\/\/www.mainpost.de\/regional\/schweinfurt\/christina-diem-puello-gewinnt-den-digital-female-leader-award-2023-in-der-kategorie-mobilitaet-art-11253803\" target=\"_blank\" rel=\"noopener\">Christina Diem-Puello gewinnt den &#8220;Digital Female Leader Award 2023&#8221; in der Kategorie Mobilit\u00e4t<\/a><\/h5>\n<p>22. September 2023 | Deutscher Presseindex<\/p>\n<h5><a href=\"https:\/\/www.deutscherpresseindex.de\/2023\/09\/22\/digital-female-leader-award-zum-zweiten-mal-im-karlsruher-kongresszentrum\/\" target=\"_blank\" rel=\"noopener\">DIGITAL FEMALE LEADER AWARD: ZUM ZWEITEN MAL IM KARLSRUHER KONGRESSZENTRUM<\/a><\/h5>\n<p>28. September 2023 | karlsruhe.digital<\/p>\n<h5><a href=\"https:\/\/karlsruhe.digital\/2023\/09\/dfla2023\/\" target=\"_blank\" rel=\"noopener\">Die Zukunft ist digital und weiblich &#8211; Das war der #DFLA2023 in Karlsruhe<\/a><\/h5>\n<p>27. September 2023 | WirtschaftsKRAFT<\/p>\n<h5><a href=\"https:\/\/wirtschaftskraft.de\/artikel\/digital-female-leader-award-2023-ein-festival-der-frauenpower-in-karlsruhe\" target=\"_blank\" rel=\"noopener\">Digital Female Leader Award 2023: Ein Festival der Frauenpower in Karlsruhe<\/a><\/h5>\n<p>22. September 2023 | life PR<\/p>\n<h5><a href=\"https:\/\/www.lifepr.de\/inaktiv\/karlsruher-messe-und-kongress-gmbh-kmk\/Digital-Female-Leader-Award-zum-zweiten-Mal-im-Karlsruher-Kongresszentrum\/boxid\/961568\" target=\"_blank\" rel=\"noopener\">Digital Female Leader Award: zum zweiten Mal im Karlsruher Kongresszentrum<\/a><\/h5>\n<p>23. September 2023 | lokalmatador<\/p>\n<h5><a href=\"https:\/\/www.lokalmatador.de\/nachricht\/digital-female-leader-award-2023-verliehen-1151849\/\" target=\"_blank\" rel=\"noopener\">Frauen in der digitalen Wirtschaftswelt: Digital Female Leader Award 2023 verliehen<\/a><\/h5>\n<p>18. April 2023 | Die Rheinpfalz<\/p>\n<h5><a href=\"https:\/\/www.rheinpfalz.de\/lokal\/kreis-germersheim_artikel,-frauen-sichtbarer-machen-award-verleihung-in-karlsruhe-_arid,5494443.html\" target=\"_blank\" rel=\"noopener\">Frauen sichtbarer machen: Award-Verleihung in Karlsruhe<\/a><\/h5>\n<p>29. September 2023 | Brigitte<\/p>\n<h5><a href=\"https:\/\/www.brigitte.de\/aktuell\/gesellschaft\/dfla-2023---alleinerziehende-sind-fuer-fu-hrungsaufgaben-besonders-qualifiziert--13596290.html\" target=\"_blank\" rel=\"noopener\">&#8220;Alleinerziehende sind f\u00fcr Fu\u0308hrungsaufgaben besonders qualifiziert&#8221;<\/a><\/h5>\n<p>[\/vc_column_text][\/vc_column][\/vc_row]<\/p>\n<\/div>","protected":false},"excerpt":{"rendered":"<p>[vc_row gap=&#8221;5&#8243; css=&#8221;.vc_custom_1706041315502{margin-bottom: 40px !important;}&#8221;][vc_column width=&#8221;1\/2&#8243; offset=&#8221;vc_col-lg-3 vc_col-md-6&#8243;][\/vc_column][vc_column width=&#8221;1\/2&#8243; offset=&#8221;vc_col-lg-3 vc_col-md-6&#8243;][vc_column_text] Photocredit \u00a9 Andrea Heinsohn [\/vc_column_text][\/vc_column][vc_column width=&#8221;1\/2&#8243; offset=&#8221;vc_col-lg-3&#8243;][\/vc_column][vc_column width=&#8221;1\/2&#8243; offset=&#8221;vc_col-lg-3 vc_col-md-6&#8243;][\/vc_column][\/vc_row][vc_row css=&#8221;.vc_custom_1706030235542{margin-top: 30px !important;margin-bottom: 40px !important;}&#8221;][vc_column][vc_column_text] Digital Female Leader Award 2023 in the press [\/vc_column_text][\/vc_column][\/vc_row][vc_row][vc_column][vc_column_text el_class=&#8221;presse&#8221;]Oktober 2023 | dm Alverde Magazin Coverstory Oktober 2023 | sheconomy Coverstory: \u201cFrauen m\u00fcssen nicht gef\u00f6rdert, sondern bef\u00f6rdert werden.\u201d\u00a0 20. [&hellip;]<\/p>\n","protected":false},"author":1,"featured_media":0,"parent":0,"menu_order":0,"comment_status":"closed","ping_status":"closed","template":"","meta":{"_acf_changed":false,"footnotes":""},"acf":[],"yoast_head":"<!-- This site is optimized with the Yoast SEO plugin v23.4 - https:\/\/yoast.com\/wordpress\/plugins\/seo\/ -->\n<title>Press | DFLX24<\/title>\n<meta name=\"description\" content=\"Der DFLA wird 2024 zum DFLX - zu einer Plattform f\u00fcr vielf\u00e4ltigen Wissensaustausch, innovatives Agenda-Setting und spannende Dialoge.\" \/>\n<meta name=\"robots\" content=\"index, follow, max-snippet:-1, max-image-preview:large, max-video-preview:-1\" \/>\n<link rel=\"canonical\" href=\"https:\/\/digital-female-leader.de\/presse\/\" \/>\n<meta property=\"og:locale\" content=\"en_US\" \/>\n<meta property=\"og:type\" content=\"article\" \/>\n<meta property=\"og:title\" content=\"Press | DFLX24\" \/>\n<meta property=\"og:description\" content=\"Der DFLA wird 2024 zum DFLX - zu einer Plattform f\u00fcr vielf\u00e4ltigen Wissensaustausch, innovatives Agenda-Setting und spannende Dialoge.\" \/>\n<meta property=\"og:url\" content=\"https:\/\/digital-female-leader.de\/presse\/\" \/>\n<meta property=\"og:site_name\" content=\"DFLX24\" \/>\n<meta property=\"article:modified_time\" content=\"2024-01-23T20:28:18+00:00\" \/>\n<meta property=\"og:image\" content=\"https:\/\/digital-female-leader.de\/wp-content\/uploads\/2024\/01\/DFLX24-Visual_1200x630.png\" \/>\n\t<meta property=\"og:image:width\" content=\"1200\" \/>\n\t<meta property=\"og:image:height\" content=\"630\" \/>\n\t<meta property=\"og:image:type\" content=\"image\/png\" \/>\n<meta name=\"twitter:card\" content=\"summary_large_image\" \/>\n<script type=\"application\/ld+json\" class=\"yoast-schema-graph\">{\"@context\":\"https:\/\/schema.org\",\"@graph\":[{\"@type\":\"WebPage\",\"@id\":\"https:\/\/digital-female-leader.de\/presse\/\",\"url\":\"https:\/\/digital-female-leader.de\/presse\/\",\"name\":\"Press | DFLX24\",\"isPartOf\":{\"@id\":\"https:\/\/digital-female-leader.de\/#website\"},\"datePublished\":\"2024-01-21T17:28:13+00:00\",\"dateModified\":\"2024-01-23T20:28:18+00:00\",\"description\":\"Der DFLA wird 2024 zum DFLX - zu einer Plattform f\u00fcr vielf\u00e4ltigen Wissensaustausch, innovatives Agenda-Setting und spannende Dialoge.\",\"breadcrumb\":{\"@id\":\"https:\/\/digital-female-leader.de\/presse\/#breadcrumb\"},\"inLanguage\":\"en-US\",\"potentialAction\":[{\"@type\":\"ReadAction\",\"target\":[\"https:\/\/digital-female-leader.de\/presse\/\"]}]},{\"@type\":\"BreadcrumbList\",\"@id\":\"https:\/\/digital-female-leader.de\/presse\/#breadcrumb\",\"itemListElement\":[{\"@type\":\"ListItem\",\"position\":1,\"name\":\"Startseite\",\"item\":\"https:\/\/digital-female-leader.de\/en\/\"},{\"@type\":\"ListItem\",\"position\":2,\"name\":\"Press\"}]},{\"@type\":\"WebSite\",\"@id\":\"https:\/\/digital-female-leader.de\/#website\",\"url\":\"https:\/\/digital-female-leader.de\/\",\"name\":\"DFLX24\",\"description\":\"Digital Female Leader X-Change 2024\",\"publisher\":{\"@id\":\"https:\/\/digital-female-leader.de\/#organization\"},\"alternateName\":\"Digital Female Leader X-Change 2024\",\"potentialAction\":[{\"@type\":\"SearchAction\",\"target\":{\"@type\":\"EntryPoint\",\"urlTemplate\":\"https:\/\/digital-female-leader.de\/?s={search_term_string}\"},\"query-input\":{\"@type\":\"PropertyValueSpecification\",\"valueRequired\":true,\"valueName\":\"search_term_string\"}}],\"inLanguage\":\"en-US\"},{\"@type\":\"Organization\",\"@id\":\"https:\/\/digital-female-leader.de\/#organization\",\"name\":\"GDW Global Digital Women GmbH\",\"url\":\"https:\/\/digital-female-leader.de\/\",\"logo\":{\"@type\":\"ImageObject\",\"inLanguage\":\"en-US\",\"@id\":\"https:\/\/digital-female-leader.de\/#\/schema\/logo\/image\/\",\"url\":\"https:\/\/digital-female-leader.de\/wp-content\/uploads\/2024\/01\/DFLX24-Visual_1200x630.png\",\"contentUrl\":\"https:\/\/digital-female-leader.de\/wp-content\/uploads\/2024\/01\/DFLX24-Visual_1200x630.png\",\"width\":1200,\"height\":630,\"caption\":\"GDW Global Digital Women GmbH\"},\"image\":{\"@id\":\"https:\/\/digital-female-leader.de\/#\/schema\/logo\/image\/\"},\"sameAs\":[\"https:\/\/www.instagram.com\/digital_female_leader_award\/\",\"https:\/\/www.linkedin.com\/company\/global-digital-women\/\",\"https:\/\/www.threads.net\/@global_digital_women\"]}]}<\/script>\n<!-- \/ Yoast SEO plugin. -->","yoast_head_json":{"title":"Press | DFLX24","description":"Der DFLA wird 2024 zum DFLX - zu einer Plattform f\u00fcr vielf\u00e4ltigen Wissensaustausch, innovatives Agenda-Setting und spannende Dialoge.","robots":{"index":"index","follow":"follow","max-snippet":"max-snippet:-1","max-image-preview":"max-image-preview:large","max-video-preview":"max-video-preview:-1"},"canonical":"https:\/\/digital-female-leader.de\/presse\/","og_locale":"en_US","og_type":"article","og_title":"Press | DFLX24","og_description":"Der DFLA wird 2024 zum DFLX - zu einer Plattform f\u00fcr vielf\u00e4ltigen Wissensaustausch, innovatives Agenda-Setting und spannende Dialoge.","og_url":"https:\/\/digital-female-leader.de\/presse\/","og_site_name":"DFLX24","article_modified_time":"2024-01-23T20:28:18+00:00","og_image":[{"width":1200,"height":630,"url":"https:\/\/digital-female-leader.de\/wp-content\/uploads\/2024\/01\/DFLX24-Visual_1200x630.png","type":"image\/png"}],"twitter_card":"summary_large_image","schema":{"@context":"https:\/\/schema.org","@graph":[{"@type":"WebPage","@id":"https:\/\/digital-female-leader.de\/presse\/","url":"https:\/\/digital-female-leader.de\/presse\/","name":"Press | DFLX24","isPartOf":{"@id":"https:\/\/digital-female-leader.de\/#website"},"datePublished":"2024-01-21T17:28:13+00:00","dateModified":"2024-01-23T20:28:18+00:00","description":"Der DFLA wird 2024 zum DFLX - zu einer Plattform f\u00fcr vielf\u00e4ltigen Wissensaustausch, innovatives Agenda-Setting und spannende Dialoge.","breadcrumb":{"@id":"https:\/\/digital-female-leader.de\/presse\/#breadcrumb"},"inLanguage":"en-US","potentialAction":[{"@type":"ReadAction","target":["https:\/\/digital-female-leader.de\/presse\/"]}]},{"@type":"BreadcrumbList","@id":"https:\/\/digital-female-leader.de\/presse\/#breadcrumb","itemListElement":[{"@type":"ListItem","position":1,"name":"Startseite","item":"https:\/\/digital-female-leader.de\/en\/"},{"@type":"ListItem","position":2,"name":"Press"}]},{"@type":"WebSite","@id":"https:\/\/digital-female-leader.de\/#website","url":"https:\/\/digital-female-leader.de\/","name":"DFLX24","description":"Digital Female Leader X-Change 2024","publisher":{"@id":"https:\/\/digital-female-leader.de\/#organization"},"alternateName":"Digital Female Leader X-Change 2024","potentialAction":[{"@type":"SearchAction","target":{"@type":"EntryPoint","urlTemplate":"https:\/\/digital-female-leader.de\/?s={search_term_string}"},"query-input":{"@type":"PropertyValueSpecification","valueRequired":true,"valueName":"search_term_string"}}],"inLanguage":"en-US"},{"@type":"Organization","@id":"https:\/\/digital-female-leader.de\/#organization","name":"GDW Global Digital Women GmbH","url":"https:\/\/digital-female-leader.de\/","logo":{"@type":"ImageObject","inLanguage":"en-US","@id":"https:\/\/digital-female-leader.de\/#\/schema\/logo\/image\/","url":"https:\/\/digital-female-leader.de\/wp-content\/uploads\/2024\/01\/DFLX24-Visual_1200x630.png","contentUrl":"https:\/\/digital-female-leader.de\/wp-content\/uploads\/2024\/01\/DFLX24-Visual_1200x630.png","width":1200,"height":630,"caption":"GDW Global Digital Women GmbH"},"image":{"@id":"https:\/\/digital-female-leader.de\/#\/schema\/logo\/image\/"},"sameAs":["https:\/\/www.instagram.com\/digital_female_leader_award\/","https:\/\/www.linkedin.com\/company\/global-digital-women\/","https:\/\/www.threads.net\/@global_digital_women"]}]}},"_links":{"self":[{"href":"https:\/\/digital-female-leader.de\/en\/wp-json\/wp\/v2\/pages\/202318944"}],"collection":[{"href":"https:\/\/digital-female-leader.de\/en\/wp-json\/wp\/v2\/pages"}],"about":[{"href":"https:\/\/digital-female-leader.de\/en\/wp-json\/wp\/v2\/types\/page"}],"author":[{"embeddable":true,"href":"https:\/\/digital-female-leader.de\/en\/wp-json\/wp\/v2\/users\/1"}],"replies":[{"embeddable":true,"href":"https:\/\/digital-female-leader.de\/en\/wp-json\/wp\/v2\/comments?post=202318944"}],"version-history":[{"count":0,"href":"https:\/\/digital-female-leader.de\/en\/wp-json\/wp\/v2\/pages\/202318944\/revisions"}],"wp:attachment":[{"href":"https:\/\/digital-female-leader.de\/en\/wp-json\/wp\/v2\/media?parent=202318944"}],"curies":[{"name":"wp","href":"https:\/\/api.w.org\/{rel}","templated":true}]}}