{"id":498,"date":"2018-04-26T17:37:00","date_gmt":"2018-04-26T15:37:00","guid":{"rendered":"http:\/\/vote.digital-female-leader.de\/en\/?page_id=498"},"modified":"2024-01-23T21:24:31","modified_gmt":"2024-01-23T20:24:31","slug":"dein-newsletter","status":"publish","type":"page","link":"https:\/\/digital-female-leader.de\/en\/dein-newsletter\/","title":{"rendered":"Your Newsletter"},"content":{"rendered":"<div class=\"wpb-content-wrapper\"><p>[vc_row full_width=&#8221;stretch_row&#8221; el_class=&#8221;gray&#8221; css=&#8221;.vc_custom_1600002840686{padding-bottom: 50px !important;}&#8221;][vc_column width=&#8221;1\/4&#8243;][\/vc_column][vc_column width=&#8221;1\/2&#8243;][vc_column_text]Stay up to date with our newsletter and learn more about Global Digital Women and the Digital Female Leader X-Change.[\/vc_column_text][vc_empty_space][vc_column_text]\n\t<section id=\"yikes-mailchimp-container-1\" class=\"yikes-mailchimp-container yikes-mailchimp-container-1 \">\n\t\t\t\t<form id=\"newsletter-de-1\" class=\"yikes-easy-mc-form yikes-easy-mc-form-1  \" method=\"POST\" data-attr-form-id=\"1\">\n\n\t\t\t\t\t\t\t\t\t\t\t\t\t<label for=\"yikes-easy-mc-form-1-LNAME\"  class=\"LNAME-label yikes-mailchimp-field-required \">\n\n\t\t\t\t\t\t\t\t\t\t<!-- dictate label visibility -->\n\t\t\t\t\t\t\t\t\t\t\n\t\t\t\t\t\t\t\t\t\t<!-- Description Above -->\n\t\t\t\t\t\t\t\t\t\t\n\t\t\t\t\t\t\t\t\t\t<input id=\"yikes-easy-mc-form-1-LNAME\"  name=\"LNAME\"  placeholder=\"NAME\"  class=\"yikes-easy-mc-text field-no-label\"  required=\"required\" type=\"text\"  value=\"\">\n\n\t\t\t\t\t\t\t\t\t\t<!-- Description Below -->\n\t\t\t\t\t\t\t\t\t\t\n\t\t\t\t\t\t\t\t\t<\/label>\n\t\t\t\t\t\t\t\t\t\t\t\t\t\t\t\t\t\t<label for=\"yikes-easy-mc-form-1-EMAIL\"  class=\"EMAIL-label yikes-mailchimp-field-required \">\n\n\t\t\t\t\t\t\t\t\t\t<!-- dictate label visibility -->\n\t\t\t\t\t\t\t\t\t\t\n\t\t\t\t\t\t\t\t\t\t<!-- Description Above -->\n\t\t\t\t\t\t\t\t\t\t\n\t\t\t\t\t\t\t\t\t\t<input id=\"yikes-easy-mc-form-1-EMAIL\"  name=\"EMAIL\"  placeholder=\"E-MAIL\"  class=\"yikes-easy-mc-email field-no-label\"  required=\"required\" type=\"email\"  value=\"\">\n\n\t\t\t\t\t\t\t\t\t\t<!-- Description Below -->\n\t\t\t\t\t\t\t\t\t\t\n\t\t\t\t\t\t\t\t\t<\/label>\n\t\t\t\t\t\t\t\t\t<label class=\"yikes-mailchimp-eu-compliance-label\"><input type=\"checkbox\" required=\"required\" name=\"eu-laws\" value=\"1\" > <div class=\"yikes-mailchimp-eu-compliance-text\"><p>Mit dem Absenden des Newsletter-Abonnements erkl\u00e4ren Sie sich damit einverstanden, per E-Mail \u00fcber unsere Aktivit\u00e4ten, Veranstaltungen und andere interessante Neuigkeiten informiert zu werden. Sie k\u00f6nnen unseren Newsletter jederzeit abbestellen, indem Sie in jeder Newsletter-E-Mail von uns auf den Link &#8220;Abbestellen&#8221; klicken. Zur Verwaltung unseres Newsletters verwenden wir MailChimp, einen in den USA ans\u00e4ssigen Dienstleister. MailChimp ist unter dem EU \/ US-Datenschutz registriert und die Sicherheit Ihrer pers\u00f6nlichen Daten ist gew\u00e4hrleistet. Weitere Informationen finden Sie in unserer <a href=\"https:\/\/dev.journeytodiversity.de\/datenschutz\/\">Datenschutzerkl\u00e4rung<\/a>.<\/p>\n<\/div><\/label>\n\t\t\t\t<!-- Honeypot Trap -->\n\t\t\t\t<input type=\"hidden\" name=\"yikes-mailchimp-honeypot\" id=\"yikes-mailchimp-honeypot-1\" value=\"\">\n\n\t\t\t\t<!-- List ID -->\n\t\t\t\t<input type=\"hidden\" name=\"yikes-mailchimp-associated-list-id\" id=\"yikes-mailchimp-associated-list-id-1\" value=\"44d34e9614\">\n\n\t\t\t\t<!-- The form that is being submitted! Used to display error\/success messages above the correct form -->\n\t\t\t\t<input type=\"hidden\" name=\"yikes-mailchimp-submitted-form\" id=\"yikes-mailchimp-submitted-form-1\" value=\"1\">\n\n\t\t\t\t<!-- Submit Button -->\n\t\t\t\t<button type=\"submit\" class=\"yikes-easy-mc-submit-button yikes-easy-mc-submit-button-1 btn btn-primary customBtn\"> <span class=\"yikes-mailchimp-submit-button-span-text\">JETZT ABONNIEREN<\/span><\/button>\t\t\t\t<!-- Nonce Security Check -->\n\t\t\t\t<input type=\"hidden\" id=\"yikes_easy_mc_new_subscriber_1\" name=\"yikes_easy_mc_new_subscriber\" value=\"3190d4c5fd\">\n\t\t\t\t<input type=\"hidden\" name=\"_wp_http_referer\" value=\"\/en\/wp-json\/wp\/v2\/pages\/498\" \/>\n\t\t\t<\/form>\n\t\t\t<!-- Mailchimp Form generated by Easy Forms for Mailchimp v6.9.0 (https:\/\/wordpress.org\/plugins\/yikes-inc-easy-mailchimp-extender\/) -->\n\n\t\t\t<\/section>\n\t[\/vc_column_text][\/vc_column][vc_column width=&#8221;1\/4&#8243;][\/vc_column][\/vc_row]<\/p>\n<\/div>","protected":false},"excerpt":{"rendered":"<p>[vc_row full_width=&#8221;stretch_row&#8221; el_class=&#8221;gray&#8221; css=&#8221;.vc_custom_1600002840686{padding-bottom: 50px !important;}&#8221;][vc_column width=&#8221;1\/4&#8243;][\/vc_column][vc_column width=&#8221;1\/2&#8243;][vc_column_text]Stay up to date with our newsletter and learn more about Global Digital Women and the Digital Female Leader X-Change.[\/vc_column_text][vc_empty_space][vc_column_text][\/vc_column_text][\/vc_column][vc_column width=&#8221;1\/4&#8243;][\/vc_column][\/vc_row]<\/p>\n","protected":false},"author":1,"featured_media":0,"parent":0,"menu_order":0,"comment_status":"closed","ping_status":"closed","template":"","meta":{"_acf_changed":false,"footnotes":""},"acf":[],"yoast_head":"<!-- This site is optimized with the Yoast SEO plugin v23.4 - https:\/\/yoast.com\/wordpress\/plugins\/seo\/ -->\n<title>Your Newsletter | DFLX24<\/title>\n<meta name=\"description\" content=\"Der DFLA wird 2024 zum DFLX - zu einer Plattform f\u00fcr vielf\u00e4ltigen Wissensaustausch, innovatives Agenda-Setting und spannende Dialoge.\" \/>\n<meta name=\"robots\" content=\"index, follow, max-snippet:-1, max-image-preview:large, max-video-preview:-1\" \/>\n<link rel=\"canonical\" href=\"https:\/\/digital-female-leader.de\/dein-newsletter\/\" \/>\n<meta property=\"og:locale\" content=\"en_US\" \/>\n<meta property=\"og:type\" content=\"article\" \/>\n<meta property=\"og:title\" content=\"Your Newsletter | DFLX24\" \/>\n<meta property=\"og:description\" content=\"Der DFLA wird 2024 zum DFLX - zu einer Plattform f\u00fcr vielf\u00e4ltigen Wissensaustausch, innovatives Agenda-Setting und spannende Dialoge.\" \/>\n<meta property=\"og:url\" content=\"https:\/\/digital-female-leader.de\/dein-newsletter\/\" \/>\n<meta property=\"og:site_name\" content=\"DFLX24\" \/>\n<meta property=\"article:modified_time\" content=\"2024-01-23T20:24:31+00:00\" \/>\n<meta property=\"og:image\" content=\"https:\/\/digital-female-leader.de\/wp-content\/uploads\/2024\/01\/DFLX24-Visual_1200x630.png\" \/>\n\t<meta property=\"og:image:width\" content=\"1200\" \/>\n\t<meta property=\"og:image:height\" content=\"630\" \/>\n\t<meta property=\"og:image:type\" content=\"image\/png\" \/>\n<meta name=\"twitter:card\" content=\"summary_large_image\" \/>\n<script type=\"application\/ld+json\" class=\"yoast-schema-graph\">{\"@context\":\"https:\/\/schema.org\",\"@graph\":[{\"@type\":\"WebPage\",\"@id\":\"https:\/\/digital-female-leader.de\/dein-newsletter\/\",\"url\":\"https:\/\/digital-female-leader.de\/dein-newsletter\/\",\"name\":\"Your Newsletter | DFLX24\",\"isPartOf\":{\"@id\":\"https:\/\/digital-female-leader.de\/#website\"},\"datePublished\":\"2018-04-26T15:37:00+00:00\",\"dateModified\":\"2024-01-23T20:24:31+00:00\",\"description\":\"Der DFLA wird 2024 zum DFLX - zu einer Plattform f\u00fcr vielf\u00e4ltigen Wissensaustausch, innovatives Agenda-Setting und spannende Dialoge.\",\"breadcrumb\":{\"@id\":\"https:\/\/digital-female-leader.de\/dein-newsletter\/#breadcrumb\"},\"inLanguage\":\"en-US\",\"potentialAction\":[{\"@type\":\"ReadAction\",\"target\":[\"https:\/\/digital-female-leader.de\/dein-newsletter\/\"]}]},{\"@type\":\"BreadcrumbList\",\"@id\":\"https:\/\/digital-female-leader.de\/dein-newsletter\/#breadcrumb\",\"itemListElement\":[{\"@type\":\"ListItem\",\"position\":1,\"name\":\"Startseite\",\"item\":\"https:\/\/digital-female-leader.de\/en\/\"},{\"@type\":\"ListItem\",\"position\":2,\"name\":\"Your Newsletter\"}]},{\"@type\":\"WebSite\",\"@id\":\"https:\/\/digital-female-leader.de\/#website\",\"url\":\"https:\/\/digital-female-leader.de\/\",\"name\":\"DFLX24\",\"description\":\"Digital Female Leader X-Change 2024\",\"publisher\":{\"@id\":\"https:\/\/digital-female-leader.de\/#organization\"},\"alternateName\":\"Digital Female Leader X-Change 2024\",\"potentialAction\":[{\"@type\":\"SearchAction\",\"target\":{\"@type\":\"EntryPoint\",\"urlTemplate\":\"https:\/\/digital-female-leader.de\/?s={search_term_string}\"},\"query-input\":{\"@type\":\"PropertyValueSpecification\",\"valueRequired\":true,\"valueName\":\"search_term_string\"}}],\"inLanguage\":\"en-US\"},{\"@type\":\"Organization\",\"@id\":\"https:\/\/digital-female-leader.de\/#organization\",\"name\":\"GDW Global Digital Women GmbH\",\"url\":\"https:\/\/digital-female-leader.de\/\",\"logo\":{\"@type\":\"ImageObject\",\"inLanguage\":\"en-US\",\"@id\":\"https:\/\/digital-female-leader.de\/#\/schema\/logo\/image\/\",\"url\":\"https:\/\/digital-female-leader.de\/wp-content\/uploads\/2024\/01\/DFLX24-Visual_1200x630.png\",\"contentUrl\":\"https:\/\/digital-female-leader.de\/wp-content\/uploads\/2024\/01\/DFLX24-Visual_1200x630.png\",\"width\":1200,\"height\":630,\"caption\":\"GDW Global Digital Women GmbH\"},\"image\":{\"@id\":\"https:\/\/digital-female-leader.de\/#\/schema\/logo\/image\/\"},\"sameAs\":[\"https:\/\/www.instagram.com\/digital_female_leader_award\/\",\"https:\/\/www.linkedin.com\/company\/global-digital-women\/\",\"https:\/\/www.threads.net\/@global_digital_women\"]}]}<\/script>\n<!-- \/ Yoast SEO plugin. -->","yoast_head_json":{"title":"Your Newsletter | DFLX24","description":"Der DFLA wird 2024 zum DFLX - zu einer Plattform f\u00fcr vielf\u00e4ltigen Wissensaustausch, innovatives Agenda-Setting und spannende Dialoge.","robots":{"index":"index","follow":"follow","max-snippet":"max-snippet:-1","max-image-preview":"max-image-preview:large","max-video-preview":"max-video-preview:-1"},"canonical":"https:\/\/digital-female-leader.de\/dein-newsletter\/","og_locale":"en_US","og_type":"article","og_title":"Your Newsletter | DFLX24","og_description":"Der DFLA wird 2024 zum DFLX - zu einer Plattform f\u00fcr vielf\u00e4ltigen Wissensaustausch, innovatives Agenda-Setting und spannende Dialoge.","og_url":"https:\/\/digital-female-leader.de\/dein-newsletter\/","og_site_name":"DFLX24","article_modified_time":"2024-01-23T20:24:31+00:00","og_image":[{"width":1200,"height":630,"url":"https:\/\/digital-female-leader.de\/wp-content\/uploads\/2024\/01\/DFLX24-Visual_1200x630.png","type":"image\/png"}],"twitter_card":"summary_large_image","schema":{"@context":"https:\/\/schema.org","@graph":[{"@type":"WebPage","@id":"https:\/\/digital-female-leader.de\/dein-newsletter\/","url":"https:\/\/digital-female-leader.de\/dein-newsletter\/","name":"Your Newsletter | DFLX24","isPartOf":{"@id":"https:\/\/digital-female-leader.de\/#website"},"datePublished":"2018-04-26T15:37:00+00:00","dateModified":"2024-01-23T20:24:31+00:00","description":"Der DFLA wird 2024 zum DFLX - zu einer Plattform f\u00fcr vielf\u00e4ltigen Wissensaustausch, innovatives Agenda-Setting und spannende Dialoge.","breadcrumb":{"@id":"https:\/\/digital-female-leader.de\/dein-newsletter\/#breadcrumb"},"inLanguage":"en-US","potentialAction":[{"@type":"ReadAction","target":["https:\/\/digital-female-leader.de\/dein-newsletter\/"]}]},{"@type":"BreadcrumbList","@id":"https:\/\/digital-female-leader.de\/dein-newsletter\/#breadcrumb","itemListElement":[{"@type":"ListItem","position":1,"name":"Startseite","item":"https:\/\/digital-female-leader.de\/en\/"},{"@type":"ListItem","position":2,"name":"Your Newsletter"}]},{"@type":"WebSite","@id":"https:\/\/digital-female-leader.de\/#website","url":"https:\/\/digital-female-leader.de\/","name":"DFLX24","description":"Digital Female Leader X-Change 2024","publisher":{"@id":"https:\/\/digital-female-leader.de\/#organization"},"alternateName":"Digital Female Leader X-Change 2024","potentialAction":[{"@type":"SearchAction","target":{"@type":"EntryPoint","urlTemplate":"https:\/\/digital-female-leader.de\/?s={search_term_string}"},"query-input":{"@type":"PropertyValueSpecification","valueRequired":true,"valueName":"search_term_string"}}],"inLanguage":"en-US"},{"@type":"Organization","@id":"https:\/\/digital-female-leader.de\/#organization","name":"GDW Global Digital Women GmbH","url":"https:\/\/digital-female-leader.de\/","logo":{"@type":"ImageObject","inLanguage":"en-US","@id":"https:\/\/digital-female-leader.de\/#\/schema\/logo\/image\/","url":"https:\/\/digital-female-leader.de\/wp-content\/uploads\/2024\/01\/DFLX24-Visual_1200x630.png","contentUrl":"https:\/\/digital-female-leader.de\/wp-content\/uploads\/2024\/01\/DFLX24-Visual_1200x630.png","width":1200,"height":630,"caption":"GDW Global Digital Women GmbH"},"image":{"@id":"https:\/\/digital-female-leader.de\/#\/schema\/logo\/image\/"},"sameAs":["https:\/\/www.instagram.com\/digital_female_leader_award\/","https:\/\/www.linkedin.com\/company\/global-digital-women\/","https:\/\/www.threads.net\/@global_digital_women"]}]}},"_links":{"self":[{"href":"https:\/\/digital-female-leader.de\/en\/wp-json\/wp\/v2\/pages\/498"}],"collection":[{"href":"https:\/\/digital-female-leader.de\/en\/wp-json\/wp\/v2\/pages"}],"about":[{"href":"https:\/\/digital-female-leader.de\/en\/wp-json\/wp\/v2\/types\/page"}],"author":[{"embeddable":true,"href":"https:\/\/digital-female-leader.de\/en\/wp-json\/wp\/v2\/users\/1"}],"replies":[{"embeddable":true,"href":"https:\/\/digital-female-leader.de\/en\/wp-json\/wp\/v2\/comments?post=498"}],"version-history":[{"count":0,"href":"https:\/\/digital-female-leader.de\/en\/wp-json\/wp\/v2\/pages\/498\/revisions"}],"wp:attachment":[{"href":"https:\/\/digital-female-leader.de\/en\/wp-json\/wp\/v2\/media?parent=498"}],"curies":[{"name":"wp","href":"https:\/\/api.w.org\/{rel}","templated":true}]}}