{"id":99397,"date":"2021-05-01T19:08:32","date_gmt":"2021-05-01T17:08:32","guid":{"rendered":"https:\/\/diversity-valley.de\/categories\/digital-leadership\/"},"modified":"2024-10-28T19:45:10","modified_gmt":"2024-10-28T18:45:10","slug":"leadership","status":"publish","type":"page","link":"https:\/\/digital-female-leader.de\/en\/categories\/leadership\/","title":{"rendered":"Leadership"},"content":{"rendered":"<div class=\"wpb-content-wrapper\"><p>[vc_row css=&#8221;.vc_custom_1712328511991{margin-bottom: 30px !important;}&#8221;][vc_column][vc_column_text]<\/p>\n<h1>Category<br \/>\nLeadership<\/h1>\n<p>[\/vc_column_text][\/vc_column][\/vc_row][vc_row css=&#8221;.vc_custom_1712328811894{margin-bottom: 60px !important;}&#8221;][vc_column][vc_column_text]In a world that&#8217;s continuously and rapidly changing, outstanding leadership qualities are more important than ever. It&#8217;s not just about leading teams, but inspiring, motivating them, and turning visions into reality together. Are you looking for ways to enrich your organization with a strong spirit of innovation and a forward-thinking mindset? Are you committed to developing dynamic, future-proof, and flexible work cultures? Then we want to hear from you! Apply now and share your experiences and visions with us. We&#8217;re looking for women who lead by example in leadership, guiding the way with empathy, determination, and smart strategy.[\/vc_column_text][\/vc_column][\/vc_row][vc_row][vc_column width=&#8221;1\/2&#8243; offset=&#8221;vc_col-md-offset-4 vc_col-md-4 vc_col-sm-offset-3&#8243; el_class=&#8221;kat-logo&#8221;][vc_column_text el_class=&#8221;sectionTitle&#8221; css=&#8221;.vc_custom_1714740422991{padding-top: 20px !important;}&#8221;]<\/p>\n<h5>Supported by<\/h5>\n<p>[\/vc_column_text][vc_single_image image=&#8221;202319897&#8243; img_size=&#8221;full&#8221; onclick=&#8221;custom_link&#8221; img_link_target=&#8221;_blank&#8221; link=&#8221;https:\/\/www.wuerttembergische.de\/&#8221;][\/vc_column][\/vc_row][vc_row][vc_column width=&#8221;2\/3&#8243; offset=&#8221;vc_col-sm-offset-2&#8243;][vc_column_text]<\/p>\n<h4>Why do you support the #Leadership category?<\/h4>\n<p>Leadership ist f\u00fcr uns die Kunst, Menschen zu motivieren und zu bef\u00e4higen, erfolgreich zu sein. Dabei geht es darum, gemeinsam eine Vision zu entwickeln und andere zu inspirieren, sich im Team f\u00fcr die Umsetzung der gemeinsamen Ziele einzusetzen.<br \/>\nDabei ist es wesentlich, ein Umfeld zu schaffen, in dem Mitarbeiterinnen und Mitarbeiter ihr volles Potenzial entfalten k\u00f6nnen und dabei die n\u00f6tige Unterst\u00fctzung, Ressourcen und Inspiration erhalten. Leadership beinhaltet auch das Erkennen und F\u00f6rdern individueller St\u00e4rken, ein Team auf der Basis von Vertrauen zu f\u00fchren. Leadership bedeutet die Bereitschaft Verantwortung zu \u00fcbernehmen, Entscheidungen zu treffen und diese glaubw\u00fcrdig und verst\u00e4ndlich zu kommunizieren.[\/vc_column_text][vc_empty_space height=&#8221;70px&#8221;][\/vc_column][\/vc_row][vc_row][vc_column][vc_column_text el_class=&#8221;sectionTitle&#8221; css=&#8221;.vc_custom_1712332239670{padding-top: 20px !important;padding-bottom: 30px !important;}&#8221;]<\/p>\n<h5>All Categories<\/h5>\n<p>[\/vc_column_text][vc_wp_custommenu nav_menu=&#8221;22&#8243; el_class=&#8221;catMenu&#8221;][\/vc_column][\/vc_row]<\/p>\n<\/div>","protected":false},"excerpt":{"rendered":"<p>[vc_row css=&#8221;.vc_custom_1712328511991{margin-bottom: 30px !important;}&#8221;][vc_column][vc_column_text] Category Leadership [\/vc_column_text][\/vc_column][\/vc_row][vc_row css=&#8221;.vc_custom_1712328811894{margin-bottom: 60px !important;}&#8221;][vc_column][vc_column_text]In a world that&#8217;s continuously and rapidly changing, outstanding leadership qualities are more important than ever. It&#8217;s not just about leading teams, but inspiring, motivating them, and turning visions into reality together. Are you looking for ways to enrich your organization with a strong spirit of [&hellip;]<\/p>\n","protected":false},"author":1,"featured_media":0,"parent":505,"menu_order":0,"comment_status":"closed","ping_status":"closed","template":"","meta":{"_acf_changed":false,"footnotes":""},"acf":[],"yoast_head":"<!-- This site is optimized with the Yoast SEO plugin v23.4 - https:\/\/yoast.com\/wordpress\/plugins\/seo\/ -->\n<title>Leadership | DFLX24<\/title>\n<meta name=\"description\" content=\"Der DFLA wird 2024 zum DFLX - zu einer Plattform f\u00fcr vielf\u00e4ltigen Wissensaustausch, innovatives Agenda-Setting und spannende Dialoge.\" \/>\n<meta name=\"robots\" content=\"index, follow, max-snippet:-1, max-image-preview:large, max-video-preview:-1\" \/>\n<link rel=\"canonical\" href=\"https:\/\/digital-female-leader.de\/kategorien\/leadership\/\" \/>\n<meta property=\"og:locale\" content=\"en_US\" \/>\n<meta property=\"og:type\" content=\"article\" \/>\n<meta property=\"og:title\" content=\"Leadership | DFLX24\" \/>\n<meta property=\"og:description\" content=\"Der DFLA wird 2024 zum DFLX - zu einer Plattform f\u00fcr vielf\u00e4ltigen Wissensaustausch, innovatives Agenda-Setting und spannende Dialoge.\" \/>\n<meta property=\"og:url\" content=\"https:\/\/digital-female-leader.de\/kategorien\/leadership\/\" \/>\n<meta property=\"og:site_name\" content=\"DFLX24\" \/>\n<meta property=\"article:modified_time\" content=\"2024-10-28T18:45:10+00:00\" \/>\n<meta property=\"og:image\" content=\"https:\/\/digital-female-leader.de\/wp-content\/uploads\/2024\/01\/DFLX24-Visual_1200x630.png\" \/>\n\t<meta property=\"og:image:width\" content=\"1200\" \/>\n\t<meta property=\"og:image:height\" content=\"630\" \/>\n\t<meta property=\"og:image:type\" content=\"image\/png\" \/>\n<meta name=\"twitter:card\" content=\"summary_large_image\" \/>\n<script type=\"application\/ld+json\" class=\"yoast-schema-graph\">{\"@context\":\"https:\/\/schema.org\",\"@graph\":[{\"@type\":\"WebPage\",\"@id\":\"https:\/\/digital-female-leader.de\/kategorien\/leadership\/\",\"url\":\"https:\/\/digital-female-leader.de\/kategorien\/leadership\/\",\"name\":\"Leadership | DFLX24\",\"isPartOf\":{\"@id\":\"https:\/\/digital-female-leader.de\/#website\"},\"datePublished\":\"2021-05-01T17:08:32+00:00\",\"dateModified\":\"2024-10-28T18:45:10+00:00\",\"description\":\"Der DFLA wird 2024 zum DFLX - zu einer Plattform f\u00fcr vielf\u00e4ltigen Wissensaustausch, innovatives Agenda-Setting und spannende Dialoge.\",\"breadcrumb\":{\"@id\":\"https:\/\/digital-female-leader.de\/kategorien\/leadership\/#breadcrumb\"},\"inLanguage\":\"en-US\",\"potentialAction\":[{\"@type\":\"ReadAction\",\"target\":[\"https:\/\/digital-female-leader.de\/kategorien\/leadership\/\"]}]},{\"@type\":\"BreadcrumbList\",\"@id\":\"https:\/\/digital-female-leader.de\/kategorien\/leadership\/#breadcrumb\",\"itemListElement\":[{\"@type\":\"ListItem\",\"position\":1,\"name\":\"Startseite\",\"item\":\"https:\/\/digital-female-leader.de\/en\/\"},{\"@type\":\"ListItem\",\"position\":2,\"name\":\"Categories\",\"item\":\"https:\/\/digital-female-leader.de\/en\/categories\/\"},{\"@type\":\"ListItem\",\"position\":3,\"name\":\"Leadership\"}]},{\"@type\":\"WebSite\",\"@id\":\"https:\/\/digital-female-leader.de\/#website\",\"url\":\"https:\/\/digital-female-leader.de\/\",\"name\":\"DFLX24\",\"description\":\"Digital Female Leader X-Change 2024\",\"publisher\":{\"@id\":\"https:\/\/digital-female-leader.de\/#organization\"},\"alternateName\":\"Digital Female Leader X-Change 2024\",\"potentialAction\":[{\"@type\":\"SearchAction\",\"target\":{\"@type\":\"EntryPoint\",\"urlTemplate\":\"https:\/\/digital-female-leader.de\/?s={search_term_string}\"},\"query-input\":{\"@type\":\"PropertyValueSpecification\",\"valueRequired\":true,\"valueName\":\"search_term_string\"}}],\"inLanguage\":\"en-US\"},{\"@type\":\"Organization\",\"@id\":\"https:\/\/digital-female-leader.de\/#organization\",\"name\":\"GDW Global Digital Women GmbH\",\"url\":\"https:\/\/digital-female-leader.de\/\",\"logo\":{\"@type\":\"ImageObject\",\"inLanguage\":\"en-US\",\"@id\":\"https:\/\/digital-female-leader.de\/#\/schema\/logo\/image\/\",\"url\":\"https:\/\/digital-female-leader.de\/wp-content\/uploads\/2024\/01\/DFLX24-Visual_1200x630.png\",\"contentUrl\":\"https:\/\/digital-female-leader.de\/wp-content\/uploads\/2024\/01\/DFLX24-Visual_1200x630.png\",\"width\":1200,\"height\":630,\"caption\":\"GDW Global Digital Women GmbH\"},\"image\":{\"@id\":\"https:\/\/digital-female-leader.de\/#\/schema\/logo\/image\/\"},\"sameAs\":[\"https:\/\/www.instagram.com\/digital_female_leader_award\/\",\"https:\/\/www.linkedin.com\/company\/global-digital-women\/\",\"https:\/\/www.threads.net\/@global_digital_women\"]}]}<\/script>\n<!-- \/ Yoast SEO plugin. -->","yoast_head_json":{"title":"Leadership | DFLX24","description":"Der DFLA wird 2024 zum DFLX - zu einer Plattform f\u00fcr vielf\u00e4ltigen Wissensaustausch, innovatives Agenda-Setting und spannende Dialoge.","robots":{"index":"index","follow":"follow","max-snippet":"max-snippet:-1","max-image-preview":"max-image-preview:large","max-video-preview":"max-video-preview:-1"},"canonical":"https:\/\/digital-female-leader.de\/kategorien\/leadership\/","og_locale":"en_US","og_type":"article","og_title":"Leadership | DFLX24","og_description":"Der DFLA wird 2024 zum DFLX - zu einer Plattform f\u00fcr vielf\u00e4ltigen Wissensaustausch, innovatives Agenda-Setting und spannende Dialoge.","og_url":"https:\/\/digital-female-leader.de\/kategorien\/leadership\/","og_site_name":"DFLX24","article_modified_time":"2024-10-28T18:45:10+00:00","og_image":[{"width":1200,"height":630,"url":"https:\/\/digital-female-leader.de\/wp-content\/uploads\/2024\/01\/DFLX24-Visual_1200x630.png","type":"image\/png"}],"twitter_card":"summary_large_image","schema":{"@context":"https:\/\/schema.org","@graph":[{"@type":"WebPage","@id":"https:\/\/digital-female-leader.de\/kategorien\/leadership\/","url":"https:\/\/digital-female-leader.de\/kategorien\/leadership\/","name":"Leadership | DFLX24","isPartOf":{"@id":"https:\/\/digital-female-leader.de\/#website"},"datePublished":"2021-05-01T17:08:32+00:00","dateModified":"2024-10-28T18:45:10+00:00","description":"Der DFLA wird 2024 zum DFLX - zu einer Plattform f\u00fcr vielf\u00e4ltigen Wissensaustausch, innovatives Agenda-Setting und spannende Dialoge.","breadcrumb":{"@id":"https:\/\/digital-female-leader.de\/kategorien\/leadership\/#breadcrumb"},"inLanguage":"en-US","potentialAction":[{"@type":"ReadAction","target":["https:\/\/digital-female-leader.de\/kategorien\/leadership\/"]}]},{"@type":"BreadcrumbList","@id":"https:\/\/digital-female-leader.de\/kategorien\/leadership\/#breadcrumb","itemListElement":[{"@type":"ListItem","position":1,"name":"Startseite","item":"https:\/\/digital-female-leader.de\/en\/"},{"@type":"ListItem","position":2,"name":"Categories","item":"https:\/\/digital-female-leader.de\/en\/categories\/"},{"@type":"ListItem","position":3,"name":"Leadership"}]},{"@type":"WebSite","@id":"https:\/\/digital-female-leader.de\/#website","url":"https:\/\/digital-female-leader.de\/","name":"DFLX24","description":"Digital Female Leader X-Change 2024","publisher":{"@id":"https:\/\/digital-female-leader.de\/#organization"},"alternateName":"Digital Female Leader X-Change 2024","potentialAction":[{"@type":"SearchAction","target":{"@type":"EntryPoint","urlTemplate":"https:\/\/digital-female-leader.de\/?s={search_term_string}"},"query-input":{"@type":"PropertyValueSpecification","valueRequired":true,"valueName":"search_term_string"}}],"inLanguage":"en-US"},{"@type":"Organization","@id":"https:\/\/digital-female-leader.de\/#organization","name":"GDW Global Digital Women GmbH","url":"https:\/\/digital-female-leader.de\/","logo":{"@type":"ImageObject","inLanguage":"en-US","@id":"https:\/\/digital-female-leader.de\/#\/schema\/logo\/image\/","url":"https:\/\/digital-female-leader.de\/wp-content\/uploads\/2024\/01\/DFLX24-Visual_1200x630.png","contentUrl":"https:\/\/digital-female-leader.de\/wp-content\/uploads\/2024\/01\/DFLX24-Visual_1200x630.png","width":1200,"height":630,"caption":"GDW Global Digital Women GmbH"},"image":{"@id":"https:\/\/digital-female-leader.de\/#\/schema\/logo\/image\/"},"sameAs":["https:\/\/www.instagram.com\/digital_female_leader_award\/","https:\/\/www.linkedin.com\/company\/global-digital-women\/","https:\/\/www.threads.net\/@global_digital_women"]}]}},"_links":{"self":[{"href":"https:\/\/digital-female-leader.de\/en\/wp-json\/wp\/v2\/pages\/99397"}],"collection":[{"href":"https:\/\/digital-female-leader.de\/en\/wp-json\/wp\/v2\/pages"}],"about":[{"href":"https:\/\/digital-female-leader.de\/en\/wp-json\/wp\/v2\/types\/page"}],"author":[{"embeddable":true,"href":"https:\/\/digital-female-leader.de\/en\/wp-json\/wp\/v2\/users\/1"}],"replies":[{"embeddable":true,"href":"https:\/\/digital-female-leader.de\/en\/wp-json\/wp\/v2\/comments?post=99397"}],"version-history":[{"count":15,"href":"https:\/\/digital-female-leader.de\/en\/wp-json\/wp\/v2\/pages\/99397\/revisions"}],"predecessor-version":[{"id":20240029239,"href":"https:\/\/digital-female-leader.de\/en\/wp-json\/wp\/v2\/pages\/99397\/revisions\/20240029239"}],"up":[{"embeddable":true,"href":"https:\/\/digital-female-leader.de\/en\/wp-json\/wp\/v2\/pages\/505"}],"wp:attachment":[{"href":"https:\/\/digital-female-leader.de\/en\/wp-json\/wp\/v2\/media?parent=99397"}],"curies":[{"name":"wp","href":"https:\/\/api.w.org\/{rel}","templated":true}]}}