{"id":99433,"date":"2021-05-01T19:39:41","date_gmt":"2021-05-01T17:39:41","guid":{"rendered":"https:\/\/diversity-valley.de\/categories\/purpose-communications\/"},"modified":"2024-04-05T18:21:54","modified_gmt":"2024-04-05T16:21:54","slug":"business-influencer-next-gen","status":"publish","type":"page","link":"https:\/\/digital-female-leader.de\/en\/categories\/business-influencer-next-gen\/","title":{"rendered":"Business Influencer Next Gen"},"content":{"rendered":"<div class=\"wpb-content-wrapper\"><p>[vc_row css=&#8221;.vc_custom_1712328511991{margin-bottom: 30px !important;}&#8221;][vc_column][vc_column_text]<\/p>\n<h1>Special Category:<br \/>\nBusiness Influencer Next Gen<\/h1>\n<p>[\/vc_column_text][\/vc_column][\/vc_row][vc_row css=&#8221;.vc_custom_1712328811894{margin-bottom: 60px !important;}&#8221;][vc_column][vc_column_text]In the new category, hosted by Tijen Onaran, Business Influencer Next Gen, we focus on the growing role of social media as a platform for business innovation and social change. Studies like the &#8220;Influencer Marketing Hub Report 2023&#8243; demonstrate that influencers with authentic content and a clear message can not only achieve a wide reach but also have a profound impact on their audience, especially in areas like sustainability, diversity, and social justice. We are looking for the next generation of business influencers who use social media to drive positive changes, share awareness-raising content, and present innovative business ideas. If you are a voice in the digital world that not only inspires but also effects tangible changes in business and beyond, tell us about your influence and how you use social media for a good cause.[\/vc_column_text][\/vc_column][\/vc_row][vc_row gap=&#8221;35&#8243; disable_element=&#8221;yes&#8221; css=&#8221;.vc_custom_1712328957311{margin-bottom: 40px !important;}&#8221;][vc_column width=&#8221;1\/2&#8243; el_class=&#8221;kat-logo&#8221;][vc_row_inner][vc_column_inner offset=&#8221;vc_col-xs-12&#8243; css=&#8221;.vc_custom_1712328739456{background-color: #ffffff !important;}&#8221;][vc_column_text el_class=&#8221;sectionTitle&#8221; css=&#8221;.vc_custom_1681739906441{padding-top: 20px !important;}&#8221;]<\/p>\n<h5>Supported by<\/h5>\n<p>[\/vc_column_text][vc_single_image image=&#8221;107107&#8243; img_size=&#8221;full&#8221; onclick=&#8221;custom_link&#8221; img_link_target=&#8221;_blank&#8221; link=&#8221;https:\/\/merz-aesthetics.info\/&#8221;][\/vc_column_inner][\/vc_row_inner][\/vc_column][vc_column width=&#8221;1\/2&#8243;][vc_column_text]<\/p>\n<h4 style=\"text-align: left;\">Warum unterst\u00fctzt Merz Aesthetics die Kategorie #Beauty &amp; Lifestyle?<\/h4>\n<p style=\"text-align: left;\">Lanc\u00f4me m\u00f6chte die Frauen nicht nur sch\u00f6ner, sondern auch gl\u00fccklicher und vor allem selbstbewusster machen.<br \/>\nF\u00fcr uns ist Sch\u00f6nheit zutiefst individuell und daher immer auch divers. Das dr\u00fccken wir mit unseren Testimonials von Isabella Rossellini bis Chiara Ferragni oder Lupita Nyong\u2019o aus. Wir m\u00f6chten Frauen in dieser Kategorie dazu einladen, ihre Vision von Beauty, Beauty Tech und -Services mit uns zu teilen.<\/p>\n<p>[\/vc_column_text][\/vc_column][\/vc_row][vc_row][vc_column][vc_column_text el_class=&#8221;sectionTitle&#8221; css=&#8221;.vc_custom_1712334012599{padding-top: 20px !important;padding-bottom: 30px !important;}&#8221;]<\/p>\n<h5>All Categories<\/h5>\n<p>[\/vc_column_text][vc_wp_custommenu nav_menu=&#8221;22&#8243; el_class=&#8221;catMenu&#8221;][\/vc_column][\/vc_row]<\/p>\n<\/div>","protected":false},"excerpt":{"rendered":"<p>[vc_row css=&#8221;.vc_custom_1712328511991{margin-bottom: 30px !important;}&#8221;][vc_column][vc_column_text] Special Category: Business Influencer Next Gen [\/vc_column_text][\/vc_column][\/vc_row][vc_row css=&#8221;.vc_custom_1712328811894{margin-bottom: 60px !important;}&#8221;][vc_column][vc_column_text]In the new category, hosted by Tijen Onaran, Business Influencer Next Gen, we focus on the growing role of social media as a platform for business innovation and social change. Studies like the &#8220;Influencer Marketing Hub Report 2023&#8243; demonstrate that influencers with [&hellip;]<\/p>\n","protected":false},"author":1,"featured_media":0,"parent":505,"menu_order":0,"comment_status":"closed","ping_status":"closed","template":"","meta":{"_acf_changed":false,"footnotes":""},"acf":[],"yoast_head":"<!-- This site is optimized with the Yoast SEO plugin v23.4 - https:\/\/yoast.com\/wordpress\/plugins\/seo\/ -->\n<title>Business Influencer Next Gen | DFLX24<\/title>\n<meta name=\"description\" content=\"Der DFLA wird 2024 zum DFLX - zu einer Plattform f\u00fcr vielf\u00e4ltigen Wissensaustausch, innovatives Agenda-Setting und spannende Dialoge.\" \/>\n<meta name=\"robots\" content=\"index, follow, max-snippet:-1, max-image-preview:large, max-video-preview:-1\" \/>\n<link rel=\"canonical\" href=\"https:\/\/digital-female-leader.de\/en\/categories\/business-influencer-next-gen\/\" \/>\n<meta property=\"og:locale\" content=\"en_US\" \/>\n<meta property=\"og:type\" content=\"article\" \/>\n<meta property=\"og:title\" content=\"Business Influencer Next Gen | DFLX24\" \/>\n<meta property=\"og:description\" content=\"Der DFLA wird 2024 zum DFLX - zu einer Plattform f\u00fcr vielf\u00e4ltigen Wissensaustausch, innovatives Agenda-Setting und spannende Dialoge.\" \/>\n<meta property=\"og:url\" content=\"https:\/\/digital-female-leader.de\/en\/categories\/business-influencer-next-gen\/\" \/>\n<meta property=\"og:site_name\" content=\"DFLX24\" \/>\n<meta property=\"article:modified_time\" content=\"2024-04-05T16:21:54+00:00\" \/>\n<meta property=\"og:image\" content=\"https:\/\/digital-female-leader.de\/wp-content\/uploads\/2024\/01\/DFLX24-Visual_1200x630.png\" \/>\n\t<meta property=\"og:image:width\" content=\"1200\" \/>\n\t<meta property=\"og:image:height\" content=\"630\" \/>\n\t<meta property=\"og:image:type\" content=\"image\/png\" \/>\n<meta name=\"twitter:card\" content=\"summary_large_image\" \/>\n<script type=\"application\/ld+json\" class=\"yoast-schema-graph\">{\"@context\":\"https:\/\/schema.org\",\"@graph\":[{\"@type\":\"WebPage\",\"@id\":\"https:\/\/digital-female-leader.de\/en\/categories\/business-influencer-next-gen\/\",\"url\":\"https:\/\/digital-female-leader.de\/en\/categories\/business-influencer-next-gen\/\",\"name\":\"Business Influencer Next Gen | DFLX24\",\"isPartOf\":{\"@id\":\"https:\/\/digital-female-leader.de\/#website\"},\"datePublished\":\"2021-05-01T17:39:41+00:00\",\"dateModified\":\"2024-04-05T16:21:54+00:00\",\"description\":\"Der DFLA wird 2024 zum DFLX - zu einer Plattform f\u00fcr vielf\u00e4ltigen Wissensaustausch, innovatives Agenda-Setting und spannende Dialoge.\",\"breadcrumb\":{\"@id\":\"https:\/\/digital-female-leader.de\/en\/categories\/business-influencer-next-gen\/#breadcrumb\"},\"inLanguage\":\"en-US\",\"potentialAction\":[{\"@type\":\"ReadAction\",\"target\":[\"https:\/\/digital-female-leader.de\/en\/categories\/business-influencer-next-gen\/\"]}]},{\"@type\":\"BreadcrumbList\",\"@id\":\"https:\/\/digital-female-leader.de\/en\/categories\/business-influencer-next-gen\/#breadcrumb\",\"itemListElement\":[{\"@type\":\"ListItem\",\"position\":1,\"name\":\"Startseite\",\"item\":\"https:\/\/digital-female-leader.de\/en\/\"},{\"@type\":\"ListItem\",\"position\":2,\"name\":\"Categories\",\"item\":\"https:\/\/digital-female-leader.de\/en\/categories\/\"},{\"@type\":\"ListItem\",\"position\":3,\"name\":\"Business Influencer Next Gen\"}]},{\"@type\":\"WebSite\",\"@id\":\"https:\/\/digital-female-leader.de\/#website\",\"url\":\"https:\/\/digital-female-leader.de\/\",\"name\":\"DFLX24\",\"description\":\"Digital Female Leader X-Change 2024\",\"publisher\":{\"@id\":\"https:\/\/digital-female-leader.de\/#organization\"},\"alternateName\":\"Digital Female Leader X-Change 2024\",\"potentialAction\":[{\"@type\":\"SearchAction\",\"target\":{\"@type\":\"EntryPoint\",\"urlTemplate\":\"https:\/\/digital-female-leader.de\/?s={search_term_string}\"},\"query-input\":{\"@type\":\"PropertyValueSpecification\",\"valueRequired\":true,\"valueName\":\"search_term_string\"}}],\"inLanguage\":\"en-US\"},{\"@type\":\"Organization\",\"@id\":\"https:\/\/digital-female-leader.de\/#organization\",\"name\":\"GDW Global Digital Women GmbH\",\"url\":\"https:\/\/digital-female-leader.de\/\",\"logo\":{\"@type\":\"ImageObject\",\"inLanguage\":\"en-US\",\"@id\":\"https:\/\/digital-female-leader.de\/#\/schema\/logo\/image\/\",\"url\":\"https:\/\/digital-female-leader.de\/wp-content\/uploads\/2024\/01\/DFLX24-Visual_1200x630.png\",\"contentUrl\":\"https:\/\/digital-female-leader.de\/wp-content\/uploads\/2024\/01\/DFLX24-Visual_1200x630.png\",\"width\":1200,\"height\":630,\"caption\":\"GDW Global Digital Women GmbH\"},\"image\":{\"@id\":\"https:\/\/digital-female-leader.de\/#\/schema\/logo\/image\/\"},\"sameAs\":[\"https:\/\/www.instagram.com\/digital_female_leader_award\/\",\"https:\/\/www.linkedin.com\/company\/global-digital-women\/\",\"https:\/\/www.threads.net\/@global_digital_women\"]}]}<\/script>\n<!-- \/ Yoast SEO plugin. -->","yoast_head_json":{"title":"Business Influencer Next Gen | DFLX24","description":"Der DFLA wird 2024 zum DFLX - zu einer Plattform f\u00fcr vielf\u00e4ltigen Wissensaustausch, innovatives Agenda-Setting und spannende Dialoge.","robots":{"index":"index","follow":"follow","max-snippet":"max-snippet:-1","max-image-preview":"max-image-preview:large","max-video-preview":"max-video-preview:-1"},"canonical":"https:\/\/digital-female-leader.de\/en\/categories\/business-influencer-next-gen\/","og_locale":"en_US","og_type":"article","og_title":"Business Influencer Next Gen | DFLX24","og_description":"Der DFLA wird 2024 zum DFLX - zu einer Plattform f\u00fcr vielf\u00e4ltigen Wissensaustausch, innovatives Agenda-Setting und spannende Dialoge.","og_url":"https:\/\/digital-female-leader.de\/en\/categories\/business-influencer-next-gen\/","og_site_name":"DFLX24","article_modified_time":"2024-04-05T16:21:54+00:00","og_image":[{"width":1200,"height":630,"url":"https:\/\/digital-female-leader.de\/wp-content\/uploads\/2024\/01\/DFLX24-Visual_1200x630.png","type":"image\/png"}],"twitter_card":"summary_large_image","schema":{"@context":"https:\/\/schema.org","@graph":[{"@type":"WebPage","@id":"https:\/\/digital-female-leader.de\/en\/categories\/business-influencer-next-gen\/","url":"https:\/\/digital-female-leader.de\/en\/categories\/business-influencer-next-gen\/","name":"Business Influencer Next Gen | DFLX24","isPartOf":{"@id":"https:\/\/digital-female-leader.de\/#website"},"datePublished":"2021-05-01T17:39:41+00:00","dateModified":"2024-04-05T16:21:54+00:00","description":"Der DFLA wird 2024 zum DFLX - zu einer Plattform f\u00fcr vielf\u00e4ltigen Wissensaustausch, innovatives Agenda-Setting und spannende Dialoge.","breadcrumb":{"@id":"https:\/\/digital-female-leader.de\/en\/categories\/business-influencer-next-gen\/#breadcrumb"},"inLanguage":"en-US","potentialAction":[{"@type":"ReadAction","target":["https:\/\/digital-female-leader.de\/en\/categories\/business-influencer-next-gen\/"]}]},{"@type":"BreadcrumbList","@id":"https:\/\/digital-female-leader.de\/en\/categories\/business-influencer-next-gen\/#breadcrumb","itemListElement":[{"@type":"ListItem","position":1,"name":"Startseite","item":"https:\/\/digital-female-leader.de\/en\/"},{"@type":"ListItem","position":2,"name":"Categories","item":"https:\/\/digital-female-leader.de\/en\/categories\/"},{"@type":"ListItem","position":3,"name":"Business Influencer Next Gen"}]},{"@type":"WebSite","@id":"https:\/\/digital-female-leader.de\/#website","url":"https:\/\/digital-female-leader.de\/","name":"DFLX24","description":"Digital Female Leader X-Change 2024","publisher":{"@id":"https:\/\/digital-female-leader.de\/#organization"},"alternateName":"Digital Female Leader X-Change 2024","potentialAction":[{"@type":"SearchAction","target":{"@type":"EntryPoint","urlTemplate":"https:\/\/digital-female-leader.de\/?s={search_term_string}"},"query-input":{"@type":"PropertyValueSpecification","valueRequired":true,"valueName":"search_term_string"}}],"inLanguage":"en-US"},{"@type":"Organization","@id":"https:\/\/digital-female-leader.de\/#organization","name":"GDW Global Digital Women GmbH","url":"https:\/\/digital-female-leader.de\/","logo":{"@type":"ImageObject","inLanguage":"en-US","@id":"https:\/\/digital-female-leader.de\/#\/schema\/logo\/image\/","url":"https:\/\/digital-female-leader.de\/wp-content\/uploads\/2024\/01\/DFLX24-Visual_1200x630.png","contentUrl":"https:\/\/digital-female-leader.de\/wp-content\/uploads\/2024\/01\/DFLX24-Visual_1200x630.png","width":1200,"height":630,"caption":"GDW Global Digital Women GmbH"},"image":{"@id":"https:\/\/digital-female-leader.de\/#\/schema\/logo\/image\/"},"sameAs":["https:\/\/www.instagram.com\/digital_female_leader_award\/","https:\/\/www.linkedin.com\/company\/global-digital-women\/","https:\/\/www.threads.net\/@global_digital_women"]}]}},"_links":{"self":[{"href":"https:\/\/digital-female-leader.de\/en\/wp-json\/wp\/v2\/pages\/99433"}],"collection":[{"href":"https:\/\/digital-female-leader.de\/en\/wp-json\/wp\/v2\/pages"}],"about":[{"href":"https:\/\/digital-female-leader.de\/en\/wp-json\/wp\/v2\/types\/page"}],"author":[{"embeddable":true,"href":"https:\/\/digital-female-leader.de\/en\/wp-json\/wp\/v2\/users\/1"}],"replies":[{"embeddable":true,"href":"https:\/\/digital-female-leader.de\/en\/wp-json\/wp\/v2\/comments?post=99433"}],"version-history":[{"count":4,"href":"https:\/\/digital-female-leader.de\/en\/wp-json\/wp\/v2\/pages\/99433\/revisions"}],"predecessor-version":[{"id":202319639,"href":"https:\/\/digital-female-leader.de\/en\/wp-json\/wp\/v2\/pages\/99433\/revisions\/202319639"}],"up":[{"embeddable":true,"href":"https:\/\/digital-female-leader.de\/en\/wp-json\/wp\/v2\/pages\/505"}],"wp:attachment":[{"href":"https:\/\/digital-female-leader.de\/en\/wp-json\/wp\/v2\/media?parent=99433"}],"curies":[{"name":"wp","href":"https:\/\/api.w.org\/{rel}","templated":true}]}}